{"id":137,"date":"2019-06-06T15:51:59","date_gmt":"2019-06-06T15:51:59","guid":{"rendered":"https:\/\/leinwand.lu\/?page_id=137"},"modified":"2020-02-13T09:26:43","modified_gmt":"2020-02-13T09:26:43","slug":"hilfe","status":"publish","type":"page","link":"https:\/\/leinwand.lu\/?page_id=137","title":{"rendered":"Hilfe"},"content":{"rendered":"<p>[vc_row][vc_column][vc_column_text]<\/p>\n<h4><strong>Du ben\u00f6tigst Hilfe bei deiner Bestellung?<\/strong><\/h4>\n<p>In den unten angegeben Kategorien findest du eine Menge an oft gestellten Fragen, welche dir schon weiterhelfen k\u00f6nnen. Falls du keine Antworten findest, so kannst du unseren Kundendienst per E-Mail anschreiben oder anrufen.[\/vc_column_text][\/vc_column][\/vc_row][vc_row gap=&#8220;25&#8243;][vc_column width=&#8220;1\/3&#8243; css=&#8220;.vc_custom_1562066253666{background-color: #f3fafb !important;}&#8220;][vc_column_text]<\/p>\n<h4 style=\"text-align: center;\"><a href=\"https:\/\/leinwand.lu\/?page_id=814\">Fragen zu meiner Bestellung<\/a><\/h4>\n<p>[\/vc_column_text][\/vc_column][vc_column width=&#8220;1\/3&#8243; css=&#8220;.vc_custom_1562066430811{background-color: #f3fafb !important;}&#8220;][vc_column_text]<\/p>\n<h4 style=\"text-align: center;\"><a href=\"https:\/\/leinwand.lu\/?page_id=895\">Versand &amp; Lieferung<\/a><\/h4>\n<p>[\/vc_column_text][\/vc_column][vc_column width=&#8220;1\/3&#8243; css=&#8220;.vc_custom_1562066436054{background-color: #f3fafb !important;}&#8220;][vc_column_text]<\/p>\n<h4 style=\"text-align: center;\"><a href=\"https:\/\/leinwand.lu\/?page_id=1323\">Bestellvorgang<\/a><\/h4>\n<p>[\/vc_column_text][\/vc_column][\/vc_row][vc_row][vc_column][vc_empty_space][\/vc_column][\/vc_row][vc_row gap=&#8220;25&#8243;][vc_column width=&#8220;1\/3&#8243; css=&#8220;.vc_custom_1562066440934{background-color: #f3fafb !important;}&#8220;][vc_column_text]<\/p>\n<h4 style=\"text-align: center;\"><a href=\"https:\/\/leinwand.lu\/?page_id=1329\">Gutscheine<\/a><\/h4>\n<p>[\/vc_column_text][\/vc_column][vc_column width=&#8220;1\/3&#8243; css=&#8220;.vc_custom_1562066447695{background-color: #f3fafb !important;}&#8220;][vc_column_text]<\/p>\n<h4 style=\"text-align: center;\"><a href=\"https:\/\/leinwand.lu\/?page_id=920\">Gesch\u00e4ftskunden<\/a><\/h4>\n<p>[\/vc_column_text][\/vc_column][\/vc_row][vc_row][vc_column][vc_empty_space][\/vc_column][\/vc_row][vc_row gap=&#8220;25&#8243;][vc_column width=&#8220;1\/3&#8243; css=&#8220;.vc_custom_1562066704763{border-top-width: 5px !important;border-bottom-width: 5px !important;border-top-color: #7a3989 !important;border-top-style: solid !important;border-bottom-color: #7a3989 !important;border-bottom-style: solid !important;border-radius: 10px !important;}&#8220;][vc_column_text]<\/p>\n<h4 style=\"text-align: center;\">Schreibe uns eine E-Mail<\/h4>\n<p>[\/vc_column_text][vc_column_text]<\/p>\n<p style=\"text-align: center;\">Deine Frage konnte nicht beantwortet werden, dann schreibe uns einfach an.<\/p>\n<p style=\"text-align: center;\">Wir sind t\u00e4glich von:<\/p>\n<p style=\"text-align: center;\"><strong>08:00 &#8211; 22:00<\/strong><\/p>\n<p style=\"text-align: center;\">f\u00fcr dich da.<\/p>\n<p>[\/vc_column_text][vc_btn title=&#8220;Zum Kontaktformular&#8220; color=&#8220;peacoc&#8220; align=&#8220;center&#8220; link=&#8220;url:https%3A%2F%2Fleinwand.lu%2Fkontakt%2F|||&#8220;][\/vc_column][vc_column width=&#8220;1\/3&#8243; css=&#8220;.vc_custom_1562066721673{border-top-width: 5px !important;border-bottom-width: 5px !important;border-top-color: #7a3989 !important;border-top-style: solid !important;border-bottom-color: #7a3989 !important;border-bottom-style: solid !important;border-radius: 10px !important;}&#8220;][vc_column_text]<\/p>\n<h4 style=\"text-align: center;\">Rufe uns an<\/h4>\n<p>[\/vc_column_text][vc_column_text]<\/p>\n<p style=\"text-align: center;\">Deine Frage konnte nicht beantwortet werden, dann kannst du uns auch anrufen<\/p>\n<p style=\"text-align: center;\">Wir sind von Montag bis Freitag von:<\/p>\n<p style=\"text-align: center;\"><strong>08:00 &#8211; 18:00<\/strong><\/p>\n<p style=\"text-align: center;\">f\u00fcr dich da.<\/p>\n<p>[\/vc_column_text][vc_btn title=&#8220;Anrufen: +352 486 886&#8243; color=&#8220;peacoc&#8220; align=&#8220;center&#8220; link=&#8220;url:tel%3A%2B352486886|||&#8220;][\/vc_column][\/vc_row]<\/p>\n","protected":false},"excerpt":{"rendered":"<p>Leinwand.lu | Hilfe<\/p>\n","protected":false},"author":1,"featured_media":0,"parent":0,"menu_order":0,"comment_status":"closed","ping_status":"closed","template":"template-blank-canvas.php","meta":{"_monsterinsights_skip_tracking":false,"_monsterinsights_sitenote_active":false,"_monsterinsights_sitenote_note":"","_monsterinsights_sitenote_category":0,"footnotes":""},"class_list":["post-137","page","type-page","status-publish","hentry"],"yoast_head":"<!-- This site is optimized with the Yoast SEO plugin v21.5 - https:\/\/yoast.com\/wordpress\/plugins\/seo\/ -->\n<title>Hilfe - Leinwand.lu G\u00fcnstige Fotogeschenke<\/title>\n<meta name=\"robots\" content=\"index, follow, max-snippet:-1, max-image-preview:large, max-video-preview:-1\" \/>\n<link rel=\"canonical\" href=\"https:\/\/leinwand.lu\/?page_id=137\" \/>\n<meta name=\"twitter:card\" content=\"summary_large_image\" \/>\n<meta name=\"twitter:title\" content=\"Hilfe - Leinwand.lu G\u00fcnstige Fotogeschenke\" \/>\n<meta name=\"twitter:description\" content=\"Leinwand.lu | Hilfe\" \/>\n<meta name=\"twitter:label1\" content=\"Gesch\u00e4tzte Lesezeit\" \/>\n\t<meta name=\"twitter:data1\" content=\"2\u00a0Minuten\" \/>\n<script type=\"application\/ld+json\" class=\"yoast-schema-graph\">{\"@context\":\"https:\/\/schema.org\",\"@graph\":[{\"@type\":\"WebPage\",\"@id\":\"https:\/\/leinwand.lu\/?page_id=137\",\"url\":\"https:\/\/leinwand.lu\/?page_id=137\",\"name\":\"Hilfe - Leinwand.lu G\u00fcnstige Fotogeschenke\",\"isPartOf\":{\"@id\":\"https:\/\/leinwand.lu\/#website\"},\"datePublished\":\"2019-06-06T15:51:59+00:00\",\"dateModified\":\"2020-02-13T09:26:43+00:00\",\"breadcrumb\":{\"@id\":\"https:\/\/leinwand.lu\/?page_id=137#breadcrumb\"},\"inLanguage\":\"de\",\"potentialAction\":[{\"@type\":\"ReadAction\",\"target\":[\"https:\/\/leinwand.lu\/?page_id=137\"]}]},{\"@type\":\"BreadcrumbList\",\"@id\":\"https:\/\/leinwand.lu\/?page_id=137#breadcrumb\",\"itemListElement\":[{\"@type\":\"ListItem\",\"position\":1,\"name\":\"Startseite\",\"item\":\"https:\/\/leinwand.lu\/\"},{\"@type\":\"ListItem\",\"position\":2,\"name\":\"Hilfe\"}]},{\"@type\":\"WebSite\",\"@id\":\"https:\/\/leinwand.lu\/#website\",\"url\":\"https:\/\/leinwand.lu\/\",\"name\":\"Leinwand.lu G\u00fcnstige Fotogeschenke\",\"description\":\"Personalisierte Fotogeschenke, sehr g\u00fcnstig. Fotoleinw\u00e4nde, Fotokissen, Foto Aluverbundplatten, Fototassen und vieles mehr Luxemburg\",\"publisher\":{\"@id\":\"https:\/\/leinwand.lu\/#organization\"},\"potentialAction\":[{\"@type\":\"SearchAction\",\"target\":{\"@type\":\"EntryPoint\",\"urlTemplate\":\"https:\/\/leinwand.lu\/?s={search_term_string}\"},\"query-input\":\"required name=search_term_string\"}],\"inLanguage\":\"de\"},{\"@type\":\"Organization\",\"@id\":\"https:\/\/leinwand.lu\/#organization\",\"name\":\"Leinwand.lu G\u00fcnstige Fotogeschenke\",\"url\":\"https:\/\/leinwand.lu\/\",\"logo\":{\"@type\":\"ImageObject\",\"inLanguage\":\"de\",\"@id\":\"https:\/\/leinwand.lu\/#\/schema\/logo\/image\/\",\"url\":\"https:\/\/leinwand.lu\/wp-content\/uploads\/2023\/01\/cropped-cropped-logo-neu.jpg\",\"contentUrl\":\"https:\/\/leinwand.lu\/wp-content\/uploads\/2023\/01\/cropped-cropped-logo-neu.jpg\",\"width\":341,\"height\":120,\"caption\":\"Leinwand.lu G\u00fcnstige Fotogeschenke\"},\"image\":{\"@id\":\"https:\/\/leinwand.lu\/#\/schema\/logo\/image\/\"},\"sameAs\":[\"http:\/\/facebook.com\/leinwand.lu\"]}]}<\/script>\n<!-- \/ Yoast SEO plugin. -->","yoast_head_json":{"title":"Hilfe - Leinwand.lu G\u00fcnstige Fotogeschenke","robots":{"index":"index","follow":"follow","max-snippet":"max-snippet:-1","max-image-preview":"max-image-preview:large","max-video-preview":"max-video-preview:-1"},"canonical":"https:\/\/leinwand.lu\/?page_id=137","twitter_card":"summary_large_image","twitter_title":"Hilfe - Leinwand.lu G\u00fcnstige Fotogeschenke","twitter_description":"Leinwand.lu | Hilfe","twitter_misc":{"Gesch\u00e4tzte Lesezeit":"2\u00a0Minuten"},"schema":{"@context":"https:\/\/schema.org","@graph":[{"@type":"WebPage","@id":"https:\/\/leinwand.lu\/?page_id=137","url":"https:\/\/leinwand.lu\/?page_id=137","name":"Hilfe - Leinwand.lu G\u00fcnstige Fotogeschenke","isPartOf":{"@id":"https:\/\/leinwand.lu\/#website"},"datePublished":"2019-06-06T15:51:59+00:00","dateModified":"2020-02-13T09:26:43+00:00","breadcrumb":{"@id":"https:\/\/leinwand.lu\/?page_id=137#breadcrumb"},"inLanguage":"de","potentialAction":[{"@type":"ReadAction","target":["https:\/\/leinwand.lu\/?page_id=137"]}]},{"@type":"BreadcrumbList","@id":"https:\/\/leinwand.lu\/?page_id=137#breadcrumb","itemListElement":[{"@type":"ListItem","position":1,"name":"Startseite","item":"https:\/\/leinwand.lu\/"},{"@type":"ListItem","position":2,"name":"Hilfe"}]},{"@type":"WebSite","@id":"https:\/\/leinwand.lu\/#website","url":"https:\/\/leinwand.lu\/","name":"Leinwand.lu G\u00fcnstige Fotogeschenke","description":"Personalisierte Fotogeschenke, sehr g\u00fcnstig. Fotoleinw\u00e4nde, Fotokissen, Foto Aluverbundplatten, Fototassen und vieles mehr Luxemburg","publisher":{"@id":"https:\/\/leinwand.lu\/#organization"},"potentialAction":[{"@type":"SearchAction","target":{"@type":"EntryPoint","urlTemplate":"https:\/\/leinwand.lu\/?s={search_term_string}"},"query-input":"required name=search_term_string"}],"inLanguage":"de"},{"@type":"Organization","@id":"https:\/\/leinwand.lu\/#organization","name":"Leinwand.lu G\u00fcnstige Fotogeschenke","url":"https:\/\/leinwand.lu\/","logo":{"@type":"ImageObject","inLanguage":"de","@id":"https:\/\/leinwand.lu\/#\/schema\/logo\/image\/","url":"https:\/\/leinwand.lu\/wp-content\/uploads\/2023\/01\/cropped-cropped-logo-neu.jpg","contentUrl":"https:\/\/leinwand.lu\/wp-content\/uploads\/2023\/01\/cropped-cropped-logo-neu.jpg","width":341,"height":120,"caption":"Leinwand.lu G\u00fcnstige Fotogeschenke"},"image":{"@id":"https:\/\/leinwand.lu\/#\/schema\/logo\/image\/"},"sameAs":["http:\/\/facebook.com\/leinwand.lu"]}]}},"_links":{"self":[{"href":"https:\/\/leinwand.lu\/index.php?rest_route=\/wp\/v2\/pages\/137"}],"collection":[{"href":"https:\/\/leinwand.lu\/index.php?rest_route=\/wp\/v2\/pages"}],"about":[{"href":"https:\/\/leinwand.lu\/index.php?rest_route=\/wp\/v2\/types\/page"}],"author":[{"embeddable":true,"href":"https:\/\/leinwand.lu\/index.php?rest_route=\/wp\/v2\/users\/1"}],"replies":[{"embeddable":true,"href":"https:\/\/leinwand.lu\/index.php?rest_route=%2Fwp%2Fv2%2Fcomments&post=137"}],"version-history":[{"count":22,"href":"https:\/\/leinwand.lu\/index.php?rest_route=\/wp\/v2\/pages\/137\/revisions"}],"predecessor-version":[{"id":6439,"href":"https:\/\/leinwand.lu\/index.php?rest_route=\/wp\/v2\/pages\/137\/revisions\/6439"}],"wp:attachment":[{"href":"https:\/\/leinwand.lu\/index.php?rest_route=%2Fwp%2Fv2%2Fmedia&parent=137"}],"curies":[{"name":"wp","href":"https:\/\/api.w.org\/{rel}","templated":true}]}}