{"id":139,"date":"2019-06-06T15:52:12","date_gmt":"2019-06-06T15:52:12","guid":{"rendered":"https:\/\/leinwand.lu\/?page_id=139"},"modified":"2019-07-18T15:01:51","modified_gmt":"2019-07-18T15:01:51","slug":"kontakt","status":"publish","type":"page","link":"https:\/\/leinwand.lu\/?page_id=139","title":{"rendered":"Kontakt"},"content":{"rendered":"<p>[vc_row css=&#8220;.vc_custom_1562084333982{border-bottom-width: 5px !important;background-color: #f3fafb !important;border-bottom-color: #ededed !important;border-bottom-style: solid !important;border-radius: 10px !important;}&#8220;][vc_column width=&#8220;1\/2&#8243;][vc_column_text]<\/p>\n<h4>Schreibe uns eine E-Mail<\/h4>\n<p>[\/vc_column_text][vc_column_text]<form enctype=\"multipart\/form-data\" method=\"post\" id=\"psfb857\" action=\"https:\/\/leinwand.lu\/?page_id=139\" class=\"planso-form-builder\" data-id=\"857\" data-cnt=\"1\" id=\"planso_forms_857_1\" data-locale=\"de\" data-locale_long=\"de_DE\" data-datepicker=\"bootstrap-datetimepicker\" data-date_format=\"F j, Y\" data-moment_date_format=\"MMMM D, YYYY\" data-jqueryui_date_format=\"MM d, yy\" data-eternicode_date_format=\"MM d, yyyy\"><div class=\"container-fluid\"><input type=\"hidden\" name=\"psfb_pageurl\" value=\"https:\/\/leinwand.lu\/?page_id=139\"\/><input type=\"hidden\" name=\"psfb_userip\" value=\"216.73.216.78\"\/><input type=\"hidden\" name=\"psfb_useragent\" value=\"Mozilla\/5.0 AppleWebKit\/537.36 (KHTML, like Gecko; compatible; ClaudeBot\/1.0; +claudebot@anthropic.com)\"\/><input type=\"hidden\" name=\"psfb_landingpage\" value=\"http:\/\/leinwand.lu\/index.php?rest_route=%2Fwp%2Fv2%2Fpages%2F139\"\/><input type=\"hidden\" name=\"psfb_referer\" value=\"Direct\"\/><input type=\"hidden\" name=\"psfb_page_id\" value=\"139\"\/><input type=\"hidden\" name=\"psfb_form_submit\" value=\"1\"\/><input type=\"hidden\" name=\"psfb_form_id\" value=\"857\"\/><input type=\"hidden\" name=\"psfb_form_cnt\" value=\"1\"\/><div style=\"display:none\"><input type=\"text\" name=\"psfb_hon_as\"\/><\/div><div style=\"display:none\"><input type=\"text\" name=\"psfb_hon_as2\" id=\"psfb_hon_as2_857_1\" value=\"46203ecd9c036dbaad52e65b12d06fc9\"\/><\/div><div style=\"display:none\"><input type=\"text\" name=\"psfb_cnt_check\" value=\"1\"\/><\/div><noscript>Bitte aktivieren Sie JavaScript in Ihrem Browser, um das Formular korrekt abzuschicken<\/noscript><script type=\"text\/javascript\">document.write('<i'+'n'+'p'+'ut ty'+'pe=\"hi'+'dden\" value=\"'+document.getElementById(\"psfb_hon_as2_857_1\").value+'\" name=\"psfb_js_as\">');<\/script><div class=\"row\"><div class=\"col-md-12\"><div class=\"form-group psfb-single-container\"><label class=\"control-label\" for=\"psfield_857_1\">E-Mail<span class=\"psfb_required_mark\">*<\/span><\/label><input type=\"email\" required=\"required\" data-required=\"required\" name=\"E_Mail\" value=\"\" class=\"form-control  \" id=\"psfield_857_1\" style=\"\"\/><\/div><\/div><\/div><div class=\"row\"><div class=\"col-md-6\"><div class=\"form-group psfb-single-container\"><label class=\"control-label\" for=\"psfield_857_2\">Name<\/label><input type=\"text\" name=\"Name\" value=\"\" class=\"form-control \" id=\"psfield_857_2\" style=\"\"\/><\/div><\/div><div class=\"col-md-6\"><div class=\"form-group psfb-single-container\"><label class=\"control-label\" for=\"psfield_857_3\">Vorname<\/label><input type=\"text\" name=\"Vorname\" value=\"\" class=\"form-control \" id=\"psfield_857_3\" style=\"\"\/><\/div><\/div><\/div><div class=\"row\"><div class=\"col-md-12\"><div class=\"form-group psfb-single-container\"><label class=\"control-label\" for=\"psfield_857_4\">Bestellnummer (falls vorhanden)<\/label><input type=\"text\" name=\"Bestellnummer__falls_vorhanden_\" value=\"\" class=\"form-control  \" id=\"psfield_857_4\" style=\"\"\/><\/div><\/div><\/div><div class=\"row\"><div class=\"col-md-12\"><div class=\"form-group psfb-single-container\"><label class=\"control-label\" for=\"psfield_857_5\">Betreff<span class=\"psfb_required_mark\">*<\/span><\/label><input type=\"text\" required=\"required\" data-required=\"required\" name=\"Betreff\" value=\"\" class=\"form-control  \" id=\"psfield_857_5\" style=\"\"\/><\/div><\/div><\/div><div class=\"row\"><div class=\"col-md-12\"><div class=\"form-group psfb-single-container\"><label class=\"control-label\" for=\"psfield_857_6\">Nachricht<span class=\"psfb_required_mark\">*<\/span><\/label><textarea required=\"required\" data-required=\"required\" name=\"Nachricht\" class=\"form-control  \" id=\"psfield_857_6\" style=\"height: 161px;\"><\/textarea><\/div><\/div><\/div><div class=\"row\"><div class=\"col-md-12\"><div class=\"form-group psfb-single-container\"><label class=\"control-label\" for=\"psfield_857_7\"> <span class=\"psfb_required_mark\">*<\/span><\/label><div class=\"checkbox_wrapper\"><label class=\"checkbox-inline checkbox_wrapper\" style=\"\"><input data-required=\"required\" type=\"checkbox\" value=\"Datenschutzerkl\u00e4rung zustimmen\" name=\"_[]\" id=\"psfield_857_7_1\">Datenschutzerkl\u00e4rung zustimmen<\/label><\/div><\/div><\/div><\/div><div class=\"row\"><div class=\"col-md-12\"><div class=\"form-group psfb-single-container\"><div class=\"\">Mit Setzen des Hakens erkl\u00e4re ich mich einverstanden, dass die von mir erhobenen Daten elektronisch erhoben und gespeichert werden. Diese Einwilligung kann ich jederzeit mit einer Nachricht an Leinwand.lu widerrufen. Datenschutzerkl\u00e4rung: https:\/\/leinwand.lu\/datenschutz\/<\/div><\/div><\/div><\/div><div class=\"row\"><div class=\"col-md-12\"><div class=\"form-group psfb-single-container\"><label class=\"control-label\" for=\"psfield_857_9\">Mehrere Dateien<\/label><input type=\"file\" multiple=\"multiple\" name=\"Mehrere_Dateien[]\" class=\"form-control \" id=\"psfield_857_9\" style=\"\"\/><\/div><\/div><\/div><div class=\"row\"><div class=\"col-md-12\"><div class=\"form-group psfb-single-container\"><div style=\"position:relative;z-index:1;\"><button type=\"submit\" class=\"btn btn-primary     \" id=\"psfield_857_10\" style=\"\">Senden<\/button><\/div><\/div><\/div><\/div><\/div><\/form>[\/vc_column_text][\/vc_column][vc_column width=&#8220;1\/2&#8243;][vc_column_text]<\/p>\n<h4 style=\"text-align: center;\">Rufe uns an<\/h4>\n<p>[\/vc_column_text][vc_column_text]<img loading=\"lazy\" decoding=\"async\" class=\"alignnone wp-image-908 aligncenter\" src=\"https:\/\/leinwand.lu\/wp-content\/uploads\/2019\/07\/kisspng-iphone-telephone-computer-icons-clip-art-free-telephone-icon-5ab065f5d1cd74.8062212015215098778594-300x200.jpg\" alt=\"\" width=\"75\" height=\"49\" srcset=\"https:\/\/leinwand.lu\/wp-content\/uploads\/2019\/07\/kisspng-iphone-telephone-computer-icons-clip-art-free-telephone-icon-5ab065f5d1cd74.8062212015215098778594-300x200.jpg 300w, https:\/\/leinwand.lu\/wp-content\/uploads\/2019\/07\/kisspng-iphone-telephone-computer-icons-clip-art-free-telephone-icon-5ab065f5d1cd74.8062212015215098778594-600x400.jpg 600w, https:\/\/leinwand.lu\/wp-content\/uploads\/2019\/07\/kisspng-iphone-telephone-computer-icons-clip-art-free-telephone-icon-5ab065f5d1cd74.8062212015215098778594-768x512.jpg 768w, https:\/\/leinwand.lu\/wp-content\/uploads\/2019\/07\/kisspng-iphone-telephone-computer-icons-clip-art-free-telephone-icon-5ab065f5d1cd74.8062212015215098778594.jpg 900w\" sizes=\"(max-width: 75px) 100vw, 75px\" \/>[\/vc_column_text][vc_column_text]<\/p>\n<div class=\"wpb_text_column wpb_content_element \">\n<div class=\"wpb_wrapper\">\n<p style=\"text-align: center;\">Wir sind von Montag bis Freitag von:<\/p>\n<p style=\"text-align: center;\"><strong>08:00 \u2013 18:00<\/strong><\/p>\n<p style=\"text-align: center;\">f\u00fcr dich da.<\/p>\n<\/div>\n<\/div>\n<p>[\/vc_column_text][vc_btn title=&#8220;Anrufen: +352 486 886&#8243; color=&#8220;peacoc&#8220; align=&#8220;center&#8220; link=&#8220;url:tel%3A%2B352486886|||&#8220;][\/vc_column][\/vc_row]<\/p>\n","protected":false},"excerpt":{"rendered":"<p>Kontaktiere unseren Kundendienst<\/p>\n","protected":false},"author":1,"featured_media":0,"parent":0,"menu_order":0,"comment_status":"closed","ping_status":"closed","template":"template-blank-canvas.php","meta":{"_monsterinsights_skip_tracking":false,"_monsterinsights_sitenote_active":false,"_monsterinsights_sitenote_note":"","_monsterinsights_sitenote_category":0,"footnotes":""},"class_list":["post-139","page","type-page","status-publish","hentry"],"yoast_head":"<!-- This site is optimized with the Yoast SEO plugin v21.5 - https:\/\/yoast.com\/wordpress\/plugins\/seo\/ -->\n<title>Kontakt - Leinwand.lu G\u00fcnstige Fotogeschenke<\/title>\n<meta name=\"robots\" content=\"index, follow, max-snippet:-1, max-image-preview:large, max-video-preview:-1\" \/>\n<link rel=\"canonical\" href=\"https:\/\/leinwand.lu\/?page_id=139\" \/>\n<meta name=\"twitter:card\" content=\"summary_large_image\" \/>\n<meta name=\"twitter:title\" content=\"Kontakt - Leinwand.lu G\u00fcnstige Fotogeschenke\" \/>\n<meta name=\"twitter:description\" content=\"Kontaktiere unseren Kundendienst\" \/>\n<meta name=\"twitter:image\" content=\"https:\/\/leinwand.lu\/wp-content\/uploads\/2019\/07\/kisspng-iphone-telephone-computer-icons-clip-art-free-telephone-icon-5ab065f5d1cd74.8062212015215098778594-300x200.jpg\" \/>\n<script type=\"application\/ld+json\" class=\"yoast-schema-graph\">{\"@context\":\"https:\/\/schema.org\",\"@graph\":[{\"@type\":\"WebPage\",\"@id\":\"https:\/\/leinwand.lu\/?page_id=139\",\"url\":\"https:\/\/leinwand.lu\/?page_id=139\",\"name\":\"Kontakt - Leinwand.lu G\u00fcnstige Fotogeschenke\",\"isPartOf\":{\"@id\":\"https:\/\/leinwand.lu\/#website\"},\"datePublished\":\"2019-06-06T15:52:12+00:00\",\"dateModified\":\"2019-07-18T15:01:51+00:00\",\"breadcrumb\":{\"@id\":\"https:\/\/leinwand.lu\/?page_id=139#breadcrumb\"},\"inLanguage\":\"de\",\"potentialAction\":[{\"@type\":\"ReadAction\",\"target\":[\"https:\/\/leinwand.lu\/?page_id=139\"]}]},{\"@type\":\"BreadcrumbList\",\"@id\":\"https:\/\/leinwand.lu\/?page_id=139#breadcrumb\",\"itemListElement\":[{\"@type\":\"ListItem\",\"position\":1,\"name\":\"Startseite\",\"item\":\"https:\/\/leinwand.lu\/\"},{\"@type\":\"ListItem\",\"position\":2,\"name\":\"Kontakt\"}]},{\"@type\":\"WebSite\",\"@id\":\"https:\/\/leinwand.lu\/#website\",\"url\":\"https:\/\/leinwand.lu\/\",\"name\":\"Leinwand.lu G\u00fcnstige Fotogeschenke\",\"description\":\"Personalisierte Fotogeschenke, sehr g\u00fcnstig. Fotoleinw\u00e4nde, Fotokissen, Foto Aluverbundplatten, Fototassen und vieles mehr Luxemburg\",\"publisher\":{\"@id\":\"https:\/\/leinwand.lu\/#organization\"},\"potentialAction\":[{\"@type\":\"SearchAction\",\"target\":{\"@type\":\"EntryPoint\",\"urlTemplate\":\"https:\/\/leinwand.lu\/?s={search_term_string}\"},\"query-input\":\"required name=search_term_string\"}],\"inLanguage\":\"de\"},{\"@type\":\"Organization\",\"@id\":\"https:\/\/leinwand.lu\/#organization\",\"name\":\"Leinwand.lu G\u00fcnstige Fotogeschenke\",\"url\":\"https:\/\/leinwand.lu\/\",\"logo\":{\"@type\":\"ImageObject\",\"inLanguage\":\"de\",\"@id\":\"https:\/\/leinwand.lu\/#\/schema\/logo\/image\/\",\"url\":\"https:\/\/leinwand.lu\/wp-content\/uploads\/2023\/01\/cropped-cropped-logo-neu.jpg\",\"contentUrl\":\"https:\/\/leinwand.lu\/wp-content\/uploads\/2023\/01\/cropped-cropped-logo-neu.jpg\",\"width\":341,\"height\":120,\"caption\":\"Leinwand.lu G\u00fcnstige Fotogeschenke\"},\"image\":{\"@id\":\"https:\/\/leinwand.lu\/#\/schema\/logo\/image\/\"},\"sameAs\":[\"http:\/\/facebook.com\/leinwand.lu\"]}]}<\/script>\n<!-- \/ Yoast SEO plugin. -->","yoast_head_json":{"title":"Kontakt - Leinwand.lu G\u00fcnstige Fotogeschenke","robots":{"index":"index","follow":"follow","max-snippet":"max-snippet:-1","max-image-preview":"max-image-preview:large","max-video-preview":"max-video-preview:-1"},"canonical":"https:\/\/leinwand.lu\/?page_id=139","twitter_card":"summary_large_image","twitter_title":"Kontakt - Leinwand.lu G\u00fcnstige Fotogeschenke","twitter_description":"Kontaktiere unseren Kundendienst","twitter_image":"https:\/\/leinwand.lu\/wp-content\/uploads\/2019\/07\/kisspng-iphone-telephone-computer-icons-clip-art-free-telephone-icon-5ab065f5d1cd74.8062212015215098778594-300x200.jpg","schema":{"@context":"https:\/\/schema.org","@graph":[{"@type":"WebPage","@id":"https:\/\/leinwand.lu\/?page_id=139","url":"https:\/\/leinwand.lu\/?page_id=139","name":"Kontakt - Leinwand.lu G\u00fcnstige Fotogeschenke","isPartOf":{"@id":"https:\/\/leinwand.lu\/#website"},"datePublished":"2019-06-06T15:52:12+00:00","dateModified":"2019-07-18T15:01:51+00:00","breadcrumb":{"@id":"https:\/\/leinwand.lu\/?page_id=139#breadcrumb"},"inLanguage":"de","potentialAction":[{"@type":"ReadAction","target":["https:\/\/leinwand.lu\/?page_id=139"]}]},{"@type":"BreadcrumbList","@id":"https:\/\/leinwand.lu\/?page_id=139#breadcrumb","itemListElement":[{"@type":"ListItem","position":1,"name":"Startseite","item":"https:\/\/leinwand.lu\/"},{"@type":"ListItem","position":2,"name":"Kontakt"}]},{"@type":"WebSite","@id":"https:\/\/leinwand.lu\/#website","url":"https:\/\/leinwand.lu\/","name":"Leinwand.lu G\u00fcnstige Fotogeschenke","description":"Personalisierte Fotogeschenke, sehr g\u00fcnstig. Fotoleinw\u00e4nde, Fotokissen, Foto Aluverbundplatten, Fototassen und vieles mehr Luxemburg","publisher":{"@id":"https:\/\/leinwand.lu\/#organization"},"potentialAction":[{"@type":"SearchAction","target":{"@type":"EntryPoint","urlTemplate":"https:\/\/leinwand.lu\/?s={search_term_string}"},"query-input":"required name=search_term_string"}],"inLanguage":"de"},{"@type":"Organization","@id":"https:\/\/leinwand.lu\/#organization","name":"Leinwand.lu G\u00fcnstige Fotogeschenke","url":"https:\/\/leinwand.lu\/","logo":{"@type":"ImageObject","inLanguage":"de","@id":"https:\/\/leinwand.lu\/#\/schema\/logo\/image\/","url":"https:\/\/leinwand.lu\/wp-content\/uploads\/2023\/01\/cropped-cropped-logo-neu.jpg","contentUrl":"https:\/\/leinwand.lu\/wp-content\/uploads\/2023\/01\/cropped-cropped-logo-neu.jpg","width":341,"height":120,"caption":"Leinwand.lu G\u00fcnstige Fotogeschenke"},"image":{"@id":"https:\/\/leinwand.lu\/#\/schema\/logo\/image\/"},"sameAs":["http:\/\/facebook.com\/leinwand.lu"]}]}},"_links":{"self":[{"href":"https:\/\/leinwand.lu\/index.php?rest_route=\/wp\/v2\/pages\/139"}],"collection":[{"href":"https:\/\/leinwand.lu\/index.php?rest_route=\/wp\/v2\/pages"}],"about":[{"href":"https:\/\/leinwand.lu\/index.php?rest_route=\/wp\/v2\/types\/page"}],"author":[{"embeddable":true,"href":"https:\/\/leinwand.lu\/index.php?rest_route=\/wp\/v2\/users\/1"}],"replies":[{"embeddable":true,"href":"https:\/\/leinwand.lu\/index.php?rest_route=%2Fwp%2Fv2%2Fcomments&post=139"}],"version-history":[{"count":13,"href":"https:\/\/leinwand.lu\/index.php?rest_route=\/wp\/v2\/pages\/139\/revisions"}],"predecessor-version":[{"id":915,"href":"https:\/\/leinwand.lu\/index.php?rest_route=\/wp\/v2\/pages\/139\/revisions\/915"}],"wp:attachment":[{"href":"https:\/\/leinwand.lu\/index.php?rest_route=%2Fwp%2Fv2%2Fmedia&parent=139"}],"curies":[{"name":"wp","href":"https:\/\/api.w.org\/{rel}","templated":true}]}}