{"id":1007,"date":"2019-07-09T16:38:57","date_gmt":"2019-07-09T16:38:57","guid":{"rendered":"https:\/\/leinwand.lu\/?post_type=product&#038;p=1007"},"modified":"2020-11-27T16:33:34","modified_gmt":"2020-11-27T16:33:34","slug":"aufhaenge-set-stueckpreis","status":"publish","type":"product","link":"https:\/\/leinwand.lu\/?product=aufhaenge-set-stueckpreis","title":{"rendered":"Aufh\u00e4nger (St\u00fcckpreis)"},"content":{"rendered":"<p>Die Keilrahmensteckaufh\u00e4nger sind eine besonders einfache und schnelle M\u00f6glichkeit, deine Keilrahmen ohne Werkzeug aufzuh\u00e4ngen. Einfach auf die Innenseite des Keilrahmens stecken, leicht andr\u00fccken, fertig. Die gezackte Aufnahme f\u00fcr Wandhaken oder Bilderhaken sorgt f\u00fcr eine genaue Positionierung.<\/p>\n<p><strong>Lieferumfang:<\/strong> 1 Keilrahmensteckaufh\u00e4nger<\/p>\n","protected":false},"excerpt":{"rendered":"<p>Die Keilrahmensteckaufh\u00e4nger sind eine besonders einfache und schnelle M\u00f6glichkeit, deine Keilrahmen ohne Werkzeug aufzuh\u00e4ngen. Einfach auf die Innenseite des Keilrahmens stecken, leicht andr\u00fccken, fertig. Die gezackte Aufnahme f\u00fcr Wandhaken oder Bilderhaken sorgt f\u00fcr eine genaue Positionierung. Lieferumfang: 1 Keilrahmensteckaufh\u00e4nger<\/p>\n","protected":false},"featured_media":1008,"template":"","meta":{"_monsterinsights_skip_tracking":false,"_monsterinsights_sitenote_active":false,"_monsterinsights_sitenote_note":"","_monsterinsights_sitenote_category":0},"product_cat":[28],"product_tag":[],"class_list":{"0":"post-1007","1":"product","2":"type-product","3":"status-publish","4":"has-post-thumbnail","6":"product_cat-zubehoer","8":"first","9":"instock","10":"taxable","11":"shipping-taxable","12":"purchasable","13":"product-type-simple"},"yoast_head":"<!-- This site is optimized with the Yoast SEO plugin v21.5 - https:\/\/yoast.com\/wordpress\/plugins\/seo\/ -->\n<title>Aufh\u00e4nger (St\u00fcckpreis) - Leinwand.lu G\u00fcnstige Fotogeschenke<\/title>\n<meta name=\"robots\" content=\"index, follow, max-snippet:-1, max-image-preview:large, max-video-preview:-1\" \/>\n<link rel=\"canonical\" href=\"https:\/\/leinwand.lu\/?product=aufhaenge-set-stueckpreis\" \/>\n<meta name=\"twitter:card\" content=\"summary_large_image\" \/>\n<meta name=\"twitter:title\" content=\"Aufh\u00e4nger (St\u00fcckpreis) - Leinwand.lu G\u00fcnstige Fotogeschenke\" \/>\n<meta name=\"twitter:description\" content=\"Die Keilrahmensteckaufh\u00e4nger sind eine besonders einfache und schnelle M\u00f6glichkeit, deine Keilrahmen ohne Werkzeug aufzuh\u00e4ngen. Einfach auf die Innenseite des Keilrahmens stecken, leicht andr\u00fccken, fertig. Die gezackte Aufnahme f\u00fcr Wandhaken oder Bilderhaken sorgt f\u00fcr eine genaue Positionierung. Lieferumfang: 1 Keilrahmensteckaufh\u00e4nger\" \/>\n<meta name=\"twitter:image\" content=\"https:\/\/leinwand.lu\/wp-content\/uploads\/2019\/07\/keilrahmen-steckaufh-nger_34mm_600x600.jpg\" \/>\n<script type=\"application\/ld+json\" class=\"yoast-schema-graph\">{\"@context\":\"https:\/\/schema.org\",\"@graph\":[{\"@type\":\"WebPage\",\"@id\":\"https:\/\/leinwand.lu\/?product=aufhaenge-set-stueckpreis\",\"url\":\"https:\/\/leinwand.lu\/?product=aufhaenge-set-stueckpreis\",\"name\":\"Aufh\u00e4nger (St\u00fcckpreis) - Leinwand.lu G\u00fcnstige Fotogeschenke\",\"isPartOf\":{\"@id\":\"https:\/\/leinwand.lu\/#website\"},\"datePublished\":\"2019-07-09T16:38:57+00:00\",\"dateModified\":\"2020-11-27T16:33:34+00:00\",\"breadcrumb\":{\"@id\":\"https:\/\/leinwand.lu\/?product=aufhaenge-set-stueckpreis#breadcrumb\"},\"inLanguage\":\"de\",\"potentialAction\":[{\"@type\":\"ReadAction\",\"target\":[\"https:\/\/leinwand.lu\/?product=aufhaenge-set-stueckpreis\"]}]},{\"@type\":\"BreadcrumbList\",\"@id\":\"https:\/\/leinwand.lu\/?product=aufhaenge-set-stueckpreis#breadcrumb\",\"itemListElement\":[{\"@type\":\"ListItem\",\"position\":1,\"name\":\"Startseite\",\"item\":\"https:\/\/leinwand.lu\/\"},{\"@type\":\"ListItem\",\"position\":2,\"name\":\"Shop\",\"item\":\"https:\/\/leinwand.lu\/?page_id=16\"},{\"@type\":\"ListItem\",\"position\":3,\"name\":\"Aufh\u00e4nger (St\u00fcckpreis)\"}]},{\"@type\":\"WebSite\",\"@id\":\"https:\/\/leinwand.lu\/#website\",\"url\":\"https:\/\/leinwand.lu\/\",\"name\":\"Leinwand.lu G\u00fcnstige Fotogeschenke\",\"description\":\"Personalisierte Fotogeschenke, sehr g\u00fcnstig. Fotoleinw\u00e4nde, Fotokissen, Foto Aluverbundplatten, Fototassen und vieles mehr Luxemburg\",\"publisher\":{\"@id\":\"https:\/\/leinwand.lu\/#organization\"},\"potentialAction\":[{\"@type\":\"SearchAction\",\"target\":{\"@type\":\"EntryPoint\",\"urlTemplate\":\"https:\/\/leinwand.lu\/?s={search_term_string}\"},\"query-input\":\"required name=search_term_string\"}],\"inLanguage\":\"de\"},{\"@type\":\"Organization\",\"@id\":\"https:\/\/leinwand.lu\/#organization\",\"name\":\"Leinwand.lu G\u00fcnstige Fotogeschenke\",\"url\":\"https:\/\/leinwand.lu\/\",\"logo\":{\"@type\":\"ImageObject\",\"inLanguage\":\"de\",\"@id\":\"https:\/\/leinwand.lu\/#\/schema\/logo\/image\/\",\"url\":\"https:\/\/leinwand.lu\/wp-content\/uploads\/2023\/01\/cropped-cropped-logo-neu.jpg\",\"contentUrl\":\"https:\/\/leinwand.lu\/wp-content\/uploads\/2023\/01\/cropped-cropped-logo-neu.jpg\",\"width\":341,\"height\":120,\"caption\":\"Leinwand.lu G\u00fcnstige Fotogeschenke\"},\"image\":{\"@id\":\"https:\/\/leinwand.lu\/#\/schema\/logo\/image\/\"},\"sameAs\":[\"http:\/\/facebook.com\/leinwand.lu\"]}]}<\/script>\n<!-- \/ Yoast SEO plugin. -->","yoast_head_json":{"title":"Aufh\u00e4nger (St\u00fcckpreis) - Leinwand.lu G\u00fcnstige Fotogeschenke","robots":{"index":"index","follow":"follow","max-snippet":"max-snippet:-1","max-image-preview":"max-image-preview:large","max-video-preview":"max-video-preview:-1"},"canonical":"https:\/\/leinwand.lu\/?product=aufhaenge-set-stueckpreis","twitter_card":"summary_large_image","twitter_title":"Aufh\u00e4nger (St\u00fcckpreis) - Leinwand.lu G\u00fcnstige Fotogeschenke","twitter_description":"Die Keilrahmensteckaufh\u00e4nger sind eine besonders einfache und schnelle M\u00f6glichkeit, deine Keilrahmen ohne Werkzeug aufzuh\u00e4ngen. Einfach auf die Innenseite des Keilrahmens stecken, leicht andr\u00fccken, fertig. Die gezackte Aufnahme f\u00fcr Wandhaken oder Bilderhaken sorgt f\u00fcr eine genaue Positionierung. Lieferumfang: 1 Keilrahmensteckaufh\u00e4nger","twitter_image":"https:\/\/leinwand.lu\/wp-content\/uploads\/2019\/07\/keilrahmen-steckaufh-nger_34mm_600x600.jpg","schema":{"@context":"https:\/\/schema.org","@graph":[{"@type":"WebPage","@id":"https:\/\/leinwand.lu\/?product=aufhaenge-set-stueckpreis","url":"https:\/\/leinwand.lu\/?product=aufhaenge-set-stueckpreis","name":"Aufh\u00e4nger (St\u00fcckpreis) - Leinwand.lu G\u00fcnstige Fotogeschenke","isPartOf":{"@id":"https:\/\/leinwand.lu\/#website"},"datePublished":"2019-07-09T16:38:57+00:00","dateModified":"2020-11-27T16:33:34+00:00","breadcrumb":{"@id":"https:\/\/leinwand.lu\/?product=aufhaenge-set-stueckpreis#breadcrumb"},"inLanguage":"de","potentialAction":[{"@type":"ReadAction","target":["https:\/\/leinwand.lu\/?product=aufhaenge-set-stueckpreis"]}]},{"@type":"BreadcrumbList","@id":"https:\/\/leinwand.lu\/?product=aufhaenge-set-stueckpreis#breadcrumb","itemListElement":[{"@type":"ListItem","position":1,"name":"Startseite","item":"https:\/\/leinwand.lu\/"},{"@type":"ListItem","position":2,"name":"Shop","item":"https:\/\/leinwand.lu\/?page_id=16"},{"@type":"ListItem","position":3,"name":"Aufh\u00e4nger (St\u00fcckpreis)"}]},{"@type":"WebSite","@id":"https:\/\/leinwand.lu\/#website","url":"https:\/\/leinwand.lu\/","name":"Leinwand.lu G\u00fcnstige Fotogeschenke","description":"Personalisierte Fotogeschenke, sehr g\u00fcnstig. Fotoleinw\u00e4nde, Fotokissen, Foto Aluverbundplatten, Fototassen und vieles mehr Luxemburg","publisher":{"@id":"https:\/\/leinwand.lu\/#organization"},"potentialAction":[{"@type":"SearchAction","target":{"@type":"EntryPoint","urlTemplate":"https:\/\/leinwand.lu\/?s={search_term_string}"},"query-input":"required name=search_term_string"}],"inLanguage":"de"},{"@type":"Organization","@id":"https:\/\/leinwand.lu\/#organization","name":"Leinwand.lu G\u00fcnstige Fotogeschenke","url":"https:\/\/leinwand.lu\/","logo":{"@type":"ImageObject","inLanguage":"de","@id":"https:\/\/leinwand.lu\/#\/schema\/logo\/image\/","url":"https:\/\/leinwand.lu\/wp-content\/uploads\/2023\/01\/cropped-cropped-logo-neu.jpg","contentUrl":"https:\/\/leinwand.lu\/wp-content\/uploads\/2023\/01\/cropped-cropped-logo-neu.jpg","width":341,"height":120,"caption":"Leinwand.lu G\u00fcnstige Fotogeschenke"},"image":{"@id":"https:\/\/leinwand.lu\/#\/schema\/logo\/image\/"},"sameAs":["http:\/\/facebook.com\/leinwand.lu"]}]}},"_links":{"self":[{"href":"https:\/\/leinwand.lu\/index.php?rest_route=\/wp\/v2\/product\/1007"}],"collection":[{"href":"https:\/\/leinwand.lu\/index.php?rest_route=\/wp\/v2\/product"}],"about":[{"href":"https:\/\/leinwand.lu\/index.php?rest_route=\/wp\/v2\/types\/product"}],"wp:featuredmedia":[{"embeddable":true,"href":"https:\/\/leinwand.lu\/index.php?rest_route=\/wp\/v2\/media\/1008"}],"wp:attachment":[{"href":"https:\/\/leinwand.lu\/index.php?rest_route=%2Fwp%2Fv2%2Fmedia&parent=1007"}],"wp:term":[{"taxonomy":"product_cat","embeddable":true,"href":"https:\/\/leinwand.lu\/index.php?rest_route=%2Fwp%2Fv2%2Fproduct_cat&post=1007"},{"taxonomy":"product_tag","embeddable":true,"href":"https:\/\/leinwand.lu\/index.php?rest_route=%2Fwp%2Fv2%2Fproduct_tag&post=1007"}],"curies":[{"name":"wp","href":"https:\/\/api.w.org\/{rel}","templated":true}]}}