{"id":10581,"date":"2021-01-26T11:49:38","date_gmt":"2021-01-26T10:49:38","guid":{"rendered":"https:\/\/leinwand.lu\/?post_type=product&#038;p=10581"},"modified":"2021-01-29T15:05:42","modified_gmt":"2021-01-29T14:05:42","slug":"ffp2-schutzmasken-2er-pack","status":"publish","type":"product","link":"https:\/\/leinwand.lu\/?product=ffp2-schutzmasken-2er-pack","title":{"rendered":"FFP2 Schutzmasken 2er Pack"},"content":{"rendered":"<p>[vc_row][vc_column width=&#8220;1\/6&#8243;][vc_column_text css=&#8220;.vc_custom_1562688149317{padding-top: 5px !important;padding-bottom: 5px !important;background-color: #009ba6 !important;}&#8220;]<\/p>\n<div class=\"ueberschrift1\">\n<p style=\"text-align: center;\"><a href=\"#section_one\"><strong>Produktdetails<\/strong><\/a><\/p>\n<\/div>\n<p>[\/vc_column_text][\/vc_column][vc_column width=&#8220;1\/6&#8243;][\/vc_column][vc_column width=&#8220;1\/6&#8243;][\/vc_column][vc_column width=&#8220;1\/6&#8243;][\/vc_column][vc_column width=&#8220;1\/6&#8243;][\/vc_column][vc_column width=&#8220;1\/6&#8243;][\/vc_column][\/vc_row][vc_row][vc_column][vc_separator color=&#8220;custom&#8220; accent_color=&#8220;#7a3989&#8243;][vc_column_text]<\/p>\n<h4 id=\"section_one\" style=\"color: #464e57; text-align: center;\">FFP2 Schutzmasken im 2er Pack<\/h4>\n<p>[\/vc_column_text][vc_separator color=&#8220;custom&#8220; accent_color=&#8220;#7a3989&#8243;][vc_column_text]<\/p>\n<p style=\"text-align: center;\">Eigentlich auf die Herstellung von personalisierten Leinw\u00e4nden spezialisiert, haben wir den Engpass an Schutzmasken in Luxemburg bemerkt und haben uns intensiv auf die Suche gemacht, nach einem zuverl\u00e4ssigen Anbieter, um euch den Vorrat an Masken garantieren zu k\u00f6nnen.<\/p>\n<p>[\/vc_column_text][\/vc_column][\/vc_row][vc_row][vc_column width=&#8220;1\/2&#8243;][vc_column_text]<strong>FFP2 Feinstaub-Halbgesichtsmaske<br \/>\n<\/strong><\/p>\n<ul>\n<li>Hersteller: YINGHUA RM201<\/li>\n<\/ul>\n<p><strong>CE-Zertifizierungsstelle<br \/>\n<\/strong><\/p>\n<p>CCQS Certification Services Limited<br \/>\nBlock 1 Blanchardstown Corporate Park, Ballycoolin Road, Blanchardstown,<br \/>\nDublin 15 D15 AKK1<br \/>\nDublin<br \/>\nCountry: Ireland<br \/>\nNotified Body Number: 2834<\/p>\n<p><strong>Feinstaub-Halbgesichtsmaske FFP2 NR, faltbar, mit vorgeformten Einsatz an der Nase und Gummib\u00e4ndern mit Haken zur Befestigung im Nacken.<\/strong><\/p>\n<p>Schutzmasken sind jeweils im 2er Pack verpackt.[\/vc_column_text][vc_row_inner][vc_column_inner width=&#8220;1\/2&#8243;][vc_column_text]Versand erfolgt durch unsere Firma <strong>Made4you s.\u00e0 r.l.<\/strong>[\/vc_column_text][\/vc_column_inner][vc_column_inner width=&#8220;1\/2&#8243;][vc_single_image image=&#8220;9615&#8243; img_size=&#8220;full&#8220; onclick=&#8220;custom_link&#8220; img_link_target=&#8220;_blank&#8220; link=&#8220;https:\/\/www.made4you.lu&#8220;][\/vc_column_inner][\/vc_row_inner][vc_column_text]<strong><a href=\"https:\/\/www.made4you.lu\">Made4you s.\u00e0 r.l.<\/a> bietet auch Folgendes:<\/strong><\/p>\n<ul>\n<li>Druck &amp; Grafik<\/li>\n<li>Textilien &amp; Veredelung von Textilien<\/li>\n<li>Werbetechnik<\/li>\n<li>Werbegeschenke<\/li>\n<li>Webdesign &amp; Hosting<\/li>\n<li>Personalisierte Geschenke<\/li>\n<\/ul>\n<p>[\/vc_column_text][\/vc_column][vc_column width=&#8220;1\/2&#8243;][vc_single_image image=&#8220;10610&#8243; img_size=&#8220;full&#8220;][\/vc_column][\/vc_row]<\/p>\n","protected":false},"excerpt":{"rendered":"<p><strong>Deine gew\u00fcnschte Menge ist nicht dabei?<\/strong><\/p>\n<p>Schreib uns eine E-Mail an:<br \/>\n<strong><a href=\"mailto:kontakt@leinwand.lu\">kontakt@leinwand.lu<\/a><\/strong><\/p>\n<p>oder ruf uns an unter:<br \/>\n<a href=\"tel:00352621669141\"><strong>+352 486 886<\/strong><\/a><\/p>\n<p>Gerne unterbreiten wir dir ein individuelles Angebot!<\/p>\n","protected":false},"featured_media":10609,"template":"","meta":{"_monsterinsights_skip_tracking":false,"_monsterinsights_sitenote_active":false,"_monsterinsights_sitenote_note":"","_monsterinsights_sitenote_category":0},"product_cat":[1248],"product_tag":[],"class_list":{"0":"post-10581","1":"product","2":"type-product","3":"status-publish","4":"has-post-thumbnail","6":"product_cat-schutzmasken","7":"product_shipping_class-schutzmasken","9":"first","10":"instock","11":"taxable","12":"shipping-taxable","13":"purchasable","14":"product-type-variable","15":"has-default-attributes"},"yoast_head":"<!-- This site is optimized with the Yoast SEO plugin v21.5 - https:\/\/yoast.com\/wordpress\/plugins\/seo\/ -->\n<title>FFP2 Schutzmasken 2er Pack - Leinwand.lu G\u00fcnstige Fotogeschenke<\/title>\n<meta name=\"robots\" content=\"index, follow, max-snippet:-1, max-image-preview:large, max-video-preview:-1\" \/>\n<link rel=\"canonical\" href=\"https:\/\/leinwand.lu\/?product=ffp2-schutzmasken-2er-pack\" \/>\n<meta name=\"twitter:card\" content=\"summary_large_image\" \/>\n<meta name=\"twitter:title\" content=\"FFP2 Schutzmasken 2er Pack - Leinwand.lu G\u00fcnstige Fotogeschenke\" \/>\n<meta name=\"twitter:description\" content=\"Deine gew\u00fcnschte Menge ist nicht dabei?  Schreib uns eine E-Mail an: kontakt@leinwand.lu  oder ruf uns an unter: +352 486 886  Gerne unterbreiten wir dir ein individuelles Angebot!\" \/>\n<meta name=\"twitter:image\" content=\"https:\/\/leinwand.lu\/wp-content\/uploads\/2021\/01\/ffp2.png\" \/>\n<meta name=\"twitter:label1\" content=\"Gesch\u00e4tzte Lesezeit\" \/>\n\t<meta name=\"twitter:data1\" content=\"1\u00a0Minute\" \/>\n<script type=\"application\/ld+json\" class=\"yoast-schema-graph\">{\"@context\":\"https:\/\/schema.org\",\"@graph\":[{\"@type\":\"WebPage\",\"@id\":\"https:\/\/leinwand.lu\/?product=ffp2-schutzmasken-2er-pack\",\"url\":\"https:\/\/leinwand.lu\/?product=ffp2-schutzmasken-2er-pack\",\"name\":\"FFP2 Schutzmasken 2er Pack - Leinwand.lu G\u00fcnstige Fotogeschenke\",\"isPartOf\":{\"@id\":\"https:\/\/leinwand.lu\/#website\"},\"datePublished\":\"2021-01-26T10:49:38+00:00\",\"dateModified\":\"2021-01-29T14:05:42+00:00\",\"breadcrumb\":{\"@id\":\"https:\/\/leinwand.lu\/?product=ffp2-schutzmasken-2er-pack#breadcrumb\"},\"inLanguage\":\"de\",\"potentialAction\":[{\"@type\":\"ReadAction\",\"target\":[\"https:\/\/leinwand.lu\/?product=ffp2-schutzmasken-2er-pack\"]}]},{\"@type\":\"BreadcrumbList\",\"@id\":\"https:\/\/leinwand.lu\/?product=ffp2-schutzmasken-2er-pack#breadcrumb\",\"itemListElement\":[{\"@type\":\"ListItem\",\"position\":1,\"name\":\"Startseite\",\"item\":\"https:\/\/leinwand.lu\/\"},{\"@type\":\"ListItem\",\"position\":2,\"name\":\"Shop\",\"item\":\"https:\/\/leinwand.lu\/?page_id=16\"},{\"@type\":\"ListItem\",\"position\":3,\"name\":\"FFP2 Schutzmasken 2er Pack\"}]},{\"@type\":\"WebSite\",\"@id\":\"https:\/\/leinwand.lu\/#website\",\"url\":\"https:\/\/leinwand.lu\/\",\"name\":\"Leinwand.lu G\u00fcnstige Fotogeschenke\",\"description\":\"Personalisierte Fotogeschenke, sehr g\u00fcnstig. Fotoleinw\u00e4nde, Fotokissen, Foto Aluverbundplatten, Fototassen und vieles mehr Luxemburg\",\"publisher\":{\"@id\":\"https:\/\/leinwand.lu\/#organization\"},\"potentialAction\":[{\"@type\":\"SearchAction\",\"target\":{\"@type\":\"EntryPoint\",\"urlTemplate\":\"https:\/\/leinwand.lu\/?s={search_term_string}\"},\"query-input\":\"required name=search_term_string\"}],\"inLanguage\":\"de\"},{\"@type\":\"Organization\",\"@id\":\"https:\/\/leinwand.lu\/#organization\",\"name\":\"Leinwand.lu G\u00fcnstige Fotogeschenke\",\"url\":\"https:\/\/leinwand.lu\/\",\"logo\":{\"@type\":\"ImageObject\",\"inLanguage\":\"de\",\"@id\":\"https:\/\/leinwand.lu\/#\/schema\/logo\/image\/\",\"url\":\"https:\/\/leinwand.lu\/wp-content\/uploads\/2023\/01\/cropped-cropped-logo-neu.jpg\",\"contentUrl\":\"https:\/\/leinwand.lu\/wp-content\/uploads\/2023\/01\/cropped-cropped-logo-neu.jpg\",\"width\":341,\"height\":120,\"caption\":\"Leinwand.lu G\u00fcnstige Fotogeschenke\"},\"image\":{\"@id\":\"https:\/\/leinwand.lu\/#\/schema\/logo\/image\/\"},\"sameAs\":[\"http:\/\/facebook.com\/leinwand.lu\"]}]}<\/script>\n<!-- \/ Yoast SEO plugin. -->","yoast_head_json":{"title":"FFP2 Schutzmasken 2er Pack - Leinwand.lu G\u00fcnstige Fotogeschenke","robots":{"index":"index","follow":"follow","max-snippet":"max-snippet:-1","max-image-preview":"max-image-preview:large","max-video-preview":"max-video-preview:-1"},"canonical":"https:\/\/leinwand.lu\/?product=ffp2-schutzmasken-2er-pack","twitter_card":"summary_large_image","twitter_title":"FFP2 Schutzmasken 2er Pack - Leinwand.lu G\u00fcnstige Fotogeschenke","twitter_description":"Deine gew\u00fcnschte Menge ist nicht dabei?  Schreib uns eine E-Mail an: kontakt@leinwand.lu  oder ruf uns an unter: +352 486 886  Gerne unterbreiten wir dir ein individuelles Angebot!","twitter_image":"https:\/\/leinwand.lu\/wp-content\/uploads\/2021\/01\/ffp2.png","twitter_misc":{"Gesch\u00e4tzte Lesezeit":"1\u00a0Minute"},"schema":{"@context":"https:\/\/schema.org","@graph":[{"@type":"WebPage","@id":"https:\/\/leinwand.lu\/?product=ffp2-schutzmasken-2er-pack","url":"https:\/\/leinwand.lu\/?product=ffp2-schutzmasken-2er-pack","name":"FFP2 Schutzmasken 2er Pack - Leinwand.lu G\u00fcnstige Fotogeschenke","isPartOf":{"@id":"https:\/\/leinwand.lu\/#website"},"datePublished":"2021-01-26T10:49:38+00:00","dateModified":"2021-01-29T14:05:42+00:00","breadcrumb":{"@id":"https:\/\/leinwand.lu\/?product=ffp2-schutzmasken-2er-pack#breadcrumb"},"inLanguage":"de","potentialAction":[{"@type":"ReadAction","target":["https:\/\/leinwand.lu\/?product=ffp2-schutzmasken-2er-pack"]}]},{"@type":"BreadcrumbList","@id":"https:\/\/leinwand.lu\/?product=ffp2-schutzmasken-2er-pack#breadcrumb","itemListElement":[{"@type":"ListItem","position":1,"name":"Startseite","item":"https:\/\/leinwand.lu\/"},{"@type":"ListItem","position":2,"name":"Shop","item":"https:\/\/leinwand.lu\/?page_id=16"},{"@type":"ListItem","position":3,"name":"FFP2 Schutzmasken 2er Pack"}]},{"@type":"WebSite","@id":"https:\/\/leinwand.lu\/#website","url":"https:\/\/leinwand.lu\/","name":"Leinwand.lu G\u00fcnstige Fotogeschenke","description":"Personalisierte Fotogeschenke, sehr g\u00fcnstig. Fotoleinw\u00e4nde, Fotokissen, Foto Aluverbundplatten, Fototassen und vieles mehr Luxemburg","publisher":{"@id":"https:\/\/leinwand.lu\/#organization"},"potentialAction":[{"@type":"SearchAction","target":{"@type":"EntryPoint","urlTemplate":"https:\/\/leinwand.lu\/?s={search_term_string}"},"query-input":"required name=search_term_string"}],"inLanguage":"de"},{"@type":"Organization","@id":"https:\/\/leinwand.lu\/#organization","name":"Leinwand.lu G\u00fcnstige Fotogeschenke","url":"https:\/\/leinwand.lu\/","logo":{"@type":"ImageObject","inLanguage":"de","@id":"https:\/\/leinwand.lu\/#\/schema\/logo\/image\/","url":"https:\/\/leinwand.lu\/wp-content\/uploads\/2023\/01\/cropped-cropped-logo-neu.jpg","contentUrl":"https:\/\/leinwand.lu\/wp-content\/uploads\/2023\/01\/cropped-cropped-logo-neu.jpg","width":341,"height":120,"caption":"Leinwand.lu G\u00fcnstige Fotogeschenke"},"image":{"@id":"https:\/\/leinwand.lu\/#\/schema\/logo\/image\/"},"sameAs":["http:\/\/facebook.com\/leinwand.lu"]}]}},"_links":{"self":[{"href":"https:\/\/leinwand.lu\/index.php?rest_route=\/wp\/v2\/product\/10581"}],"collection":[{"href":"https:\/\/leinwand.lu\/index.php?rest_route=\/wp\/v2\/product"}],"about":[{"href":"https:\/\/leinwand.lu\/index.php?rest_route=\/wp\/v2\/types\/product"}],"wp:featuredmedia":[{"embeddable":true,"href":"https:\/\/leinwand.lu\/index.php?rest_route=\/wp\/v2\/media\/10609"}],"wp:attachment":[{"href":"https:\/\/leinwand.lu\/index.php?rest_route=%2Fwp%2Fv2%2Fmedia&parent=10581"}],"wp:term":[{"taxonomy":"product_cat","embeddable":true,"href":"https:\/\/leinwand.lu\/index.php?rest_route=%2Fwp%2Fv2%2Fproduct_cat&post=10581"},{"taxonomy":"product_tag","embeddable":true,"href":"https:\/\/leinwand.lu\/index.php?rest_route=%2Fwp%2Fv2%2Fproduct_tag&post=10581"}],"curies":[{"name":"wp","href":"https:\/\/api.w.org\/{rel}","templated":true}]}}