{"id":283,"date":"2019-06-13T09:09:13","date_gmt":"2019-06-13T09:09:13","guid":{"rendered":"https:\/\/leinwand.lu\/?post_type=product&#038;p=283"},"modified":"2020-10-22T02:12:41","modified_gmt":"2020-10-22T02:12:41","slug":"schrauben-duebel-set","status":"publish","type":"product","link":"https:\/\/leinwand.lu\/?product=schrauben-duebel-set","title":{"rendered":"Schrauben + D\u00fcbel Set"},"content":{"rendered":"<p>Das Schrauben + D\u00fcbel Set k\u00f6nnen Sie f\u00fcr fast alle Montagezwecke nutzen. Insbesondere zur Befestigung Ihrer Leinw\u00e4nde an der Wand ist das Set sehr gut geeignet. Die D\u00fcbel haben einen Durchmesser von 6 mm, die Schrauben erhalten Sie in der Ausf\u00fchrung 4 x 45 mm. F\u00fcr den perfekten Halt Ihrer Bilder!<\/p>\n","protected":false},"excerpt":{"rendered":"<p>Das Schrauben + D\u00fcbel Set k\u00f6nnen Sie f\u00fcr fast alle Montagezwecke nutzen. Insbesondere zur Befestigung Ihrer Leinw\u00e4nde an der Wand ist das Set sehr gut geeignet. Die D\u00fcbel haben einen Durchmesser von 6 mm, die Schrauben erhalten Sie in der Ausf\u00fchrung 4 x 45 mm. F\u00fcr den perfekten Halt Ihrer Bilder!<\/p>\n","protected":false},"featured_media":284,"template":"","meta":{"_monsterinsights_skip_tracking":false,"_monsterinsights_sitenote_active":false,"_monsterinsights_sitenote_note":"","_monsterinsights_sitenote_category":0},"product_cat":[28],"product_tag":[],"class_list":{"0":"post-283","1":"product","2":"type-product","3":"status-publish","4":"has-post-thumbnail","6":"product_cat-zubehoer","8":"first","9":"instock","10":"taxable","11":"shipping-taxable","12":"purchasable","13":"product-type-simple"},"yoast_head":"<!-- This site is optimized with the Yoast SEO plugin v21.5 - https:\/\/yoast.com\/wordpress\/plugins\/seo\/ -->\n<title>Schrauben + D\u00fcbel Set - Leinwand.lu G\u00fcnstige Fotogeschenke<\/title>\n<meta name=\"robots\" content=\"index, follow, max-snippet:-1, max-image-preview:large, max-video-preview:-1\" \/>\n<link rel=\"canonical\" href=\"https:\/\/leinwand.lu\/?product=schrauben-duebel-set\" \/>\n<meta name=\"twitter:card\" content=\"summary_large_image\" \/>\n<meta name=\"twitter:title\" content=\"Schrauben + D\u00fcbel Set - Leinwand.lu G\u00fcnstige Fotogeschenke\" \/>\n<meta name=\"twitter:description\" content=\"Das Schrauben + D\u00fcbel Set k\u00f6nnen Sie f\u00fcr fast alle Montagezwecke nutzen. Insbesondere zur Befestigung Ihrer Leinw\u00e4nde an der Wand ist das Set sehr gut geeignet. Die D\u00fcbel haben einen Durchmesser von 6 mm, die Schrauben erhalten Sie in der Ausf\u00fchrung 4 x 45 mm. F\u00fcr den perfekten Halt Ihrer Bilder!\" \/>\n<meta name=\"twitter:image\" content=\"https:\/\/leinwand.lu\/wp-content\/uploads\/2019\/06\/Schrauben-Duebel.jpg\" \/>\n<script type=\"application\/ld+json\" class=\"yoast-schema-graph\">{\"@context\":\"https:\/\/schema.org\",\"@graph\":[{\"@type\":\"WebPage\",\"@id\":\"https:\/\/leinwand.lu\/?product=schrauben-duebel-set\",\"url\":\"https:\/\/leinwand.lu\/?product=schrauben-duebel-set\",\"name\":\"Schrauben + D\u00fcbel Set - Leinwand.lu G\u00fcnstige Fotogeschenke\",\"isPartOf\":{\"@id\":\"https:\/\/leinwand.lu\/#website\"},\"datePublished\":\"2019-06-13T09:09:13+00:00\",\"dateModified\":\"2020-10-22T02:12:41+00:00\",\"breadcrumb\":{\"@id\":\"https:\/\/leinwand.lu\/?product=schrauben-duebel-set#breadcrumb\"},\"inLanguage\":\"de\",\"potentialAction\":[{\"@type\":\"ReadAction\",\"target\":[\"https:\/\/leinwand.lu\/?product=schrauben-duebel-set\"]}]},{\"@type\":\"BreadcrumbList\",\"@id\":\"https:\/\/leinwand.lu\/?product=schrauben-duebel-set#breadcrumb\",\"itemListElement\":[{\"@type\":\"ListItem\",\"position\":1,\"name\":\"Startseite\",\"item\":\"https:\/\/leinwand.lu\/\"},{\"@type\":\"ListItem\",\"position\":2,\"name\":\"Shop\",\"item\":\"https:\/\/leinwand.lu\/?page_id=16\"},{\"@type\":\"ListItem\",\"position\":3,\"name\":\"Schrauben + D\u00fcbel Set\"}]},{\"@type\":\"WebSite\",\"@id\":\"https:\/\/leinwand.lu\/#website\",\"url\":\"https:\/\/leinwand.lu\/\",\"name\":\"Leinwand.lu G\u00fcnstige Fotogeschenke\",\"description\":\"Personalisierte Fotogeschenke, sehr g\u00fcnstig. Fotoleinw\u00e4nde, Fotokissen, Foto Aluverbundplatten, Fototassen und vieles mehr Luxemburg\",\"publisher\":{\"@id\":\"https:\/\/leinwand.lu\/#organization\"},\"potentialAction\":[{\"@type\":\"SearchAction\",\"target\":{\"@type\":\"EntryPoint\",\"urlTemplate\":\"https:\/\/leinwand.lu\/?s={search_term_string}\"},\"query-input\":\"required name=search_term_string\"}],\"inLanguage\":\"de\"},{\"@type\":\"Organization\",\"@id\":\"https:\/\/leinwand.lu\/#organization\",\"name\":\"Leinwand.lu G\u00fcnstige Fotogeschenke\",\"url\":\"https:\/\/leinwand.lu\/\",\"logo\":{\"@type\":\"ImageObject\",\"inLanguage\":\"de\",\"@id\":\"https:\/\/leinwand.lu\/#\/schema\/logo\/image\/\",\"url\":\"https:\/\/leinwand.lu\/wp-content\/uploads\/2023\/01\/cropped-cropped-logo-neu.jpg\",\"contentUrl\":\"https:\/\/leinwand.lu\/wp-content\/uploads\/2023\/01\/cropped-cropped-logo-neu.jpg\",\"width\":341,\"height\":120,\"caption\":\"Leinwand.lu G\u00fcnstige Fotogeschenke\"},\"image\":{\"@id\":\"https:\/\/leinwand.lu\/#\/schema\/logo\/image\/\"},\"sameAs\":[\"http:\/\/facebook.com\/leinwand.lu\"]}]}<\/script>\n<!-- \/ Yoast SEO plugin. -->","yoast_head_json":{"title":"Schrauben + D\u00fcbel Set - Leinwand.lu G\u00fcnstige Fotogeschenke","robots":{"index":"index","follow":"follow","max-snippet":"max-snippet:-1","max-image-preview":"max-image-preview:large","max-video-preview":"max-video-preview:-1"},"canonical":"https:\/\/leinwand.lu\/?product=schrauben-duebel-set","twitter_card":"summary_large_image","twitter_title":"Schrauben + D\u00fcbel Set - Leinwand.lu G\u00fcnstige Fotogeschenke","twitter_description":"Das Schrauben + D\u00fcbel Set k\u00f6nnen Sie f\u00fcr fast alle Montagezwecke nutzen. Insbesondere zur Befestigung Ihrer Leinw\u00e4nde an der Wand ist das Set sehr gut geeignet. Die D\u00fcbel haben einen Durchmesser von 6 mm, die Schrauben erhalten Sie in der Ausf\u00fchrung 4 x 45 mm. F\u00fcr den perfekten Halt Ihrer Bilder!","twitter_image":"https:\/\/leinwand.lu\/wp-content\/uploads\/2019\/06\/Schrauben-Duebel.jpg","schema":{"@context":"https:\/\/schema.org","@graph":[{"@type":"WebPage","@id":"https:\/\/leinwand.lu\/?product=schrauben-duebel-set","url":"https:\/\/leinwand.lu\/?product=schrauben-duebel-set","name":"Schrauben + D\u00fcbel Set - Leinwand.lu G\u00fcnstige Fotogeschenke","isPartOf":{"@id":"https:\/\/leinwand.lu\/#website"},"datePublished":"2019-06-13T09:09:13+00:00","dateModified":"2020-10-22T02:12:41+00:00","breadcrumb":{"@id":"https:\/\/leinwand.lu\/?product=schrauben-duebel-set#breadcrumb"},"inLanguage":"de","potentialAction":[{"@type":"ReadAction","target":["https:\/\/leinwand.lu\/?product=schrauben-duebel-set"]}]},{"@type":"BreadcrumbList","@id":"https:\/\/leinwand.lu\/?product=schrauben-duebel-set#breadcrumb","itemListElement":[{"@type":"ListItem","position":1,"name":"Startseite","item":"https:\/\/leinwand.lu\/"},{"@type":"ListItem","position":2,"name":"Shop","item":"https:\/\/leinwand.lu\/?page_id=16"},{"@type":"ListItem","position":3,"name":"Schrauben + D\u00fcbel Set"}]},{"@type":"WebSite","@id":"https:\/\/leinwand.lu\/#website","url":"https:\/\/leinwand.lu\/","name":"Leinwand.lu G\u00fcnstige Fotogeschenke","description":"Personalisierte Fotogeschenke, sehr g\u00fcnstig. Fotoleinw\u00e4nde, Fotokissen, Foto Aluverbundplatten, Fototassen und vieles mehr Luxemburg","publisher":{"@id":"https:\/\/leinwand.lu\/#organization"},"potentialAction":[{"@type":"SearchAction","target":{"@type":"EntryPoint","urlTemplate":"https:\/\/leinwand.lu\/?s={search_term_string}"},"query-input":"required name=search_term_string"}],"inLanguage":"de"},{"@type":"Organization","@id":"https:\/\/leinwand.lu\/#organization","name":"Leinwand.lu G\u00fcnstige Fotogeschenke","url":"https:\/\/leinwand.lu\/","logo":{"@type":"ImageObject","inLanguage":"de","@id":"https:\/\/leinwand.lu\/#\/schema\/logo\/image\/","url":"https:\/\/leinwand.lu\/wp-content\/uploads\/2023\/01\/cropped-cropped-logo-neu.jpg","contentUrl":"https:\/\/leinwand.lu\/wp-content\/uploads\/2023\/01\/cropped-cropped-logo-neu.jpg","width":341,"height":120,"caption":"Leinwand.lu G\u00fcnstige Fotogeschenke"},"image":{"@id":"https:\/\/leinwand.lu\/#\/schema\/logo\/image\/"},"sameAs":["http:\/\/facebook.com\/leinwand.lu"]}]}},"_links":{"self":[{"href":"https:\/\/leinwand.lu\/index.php?rest_route=\/wp\/v2\/product\/283"}],"collection":[{"href":"https:\/\/leinwand.lu\/index.php?rest_route=\/wp\/v2\/product"}],"about":[{"href":"https:\/\/leinwand.lu\/index.php?rest_route=\/wp\/v2\/types\/product"}],"wp:featuredmedia":[{"embeddable":true,"href":"https:\/\/leinwand.lu\/index.php?rest_route=\/wp\/v2\/media\/284"}],"wp:attachment":[{"href":"https:\/\/leinwand.lu\/index.php?rest_route=%2Fwp%2Fv2%2Fmedia&parent=283"}],"wp:term":[{"taxonomy":"product_cat","embeddable":true,"href":"https:\/\/leinwand.lu\/index.php?rest_route=%2Fwp%2Fv2%2Fproduct_cat&post=283"},{"taxonomy":"product_tag","embeddable":true,"href":"https:\/\/leinwand.lu\/index.php?rest_route=%2Fwp%2Fv2%2Fproduct_tag&post=283"}],"curies":[{"name":"wp","href":"https:\/\/api.w.org\/{rel}","templated":true}]}}