{"id":9794,"date":"2020-06-24T12:27:17","date_gmt":"2020-06-24T12:27:17","guid":{"rendered":"https:\/\/leinwand.lu\/?post_type=product&#038;p=9794"},"modified":"2020-12-04T08:34:06","modified_gmt":"2020-12-04T08:34:06","slug":"bedruckte-schutzmasken-mit-elastischen-ohrenschlaufen","status":"publish","type":"product","link":"https:\/\/leinwand.lu\/?product=bedruckte-schutzmasken-mit-elastischen-ohrenschlaufen","title":{"rendered":"Bedruckte Schutzmasken mit elastischen Ohrenschlaufen"},"content":{"rendered":"<p>[vc_row][vc_column width=&#8220;1\/6&#8243;][vc_column_text css=&#8220;.vc_custom_1562688149317{padding-top: 5px !important;padding-bottom: 5px !important;background-color: #009ba6 !important;}&#8220;]<\/p>\n<div class=\"ueberschrift1\">\n<p style=\"text-align: center;\"><a href=\"#section_one\"><strong>Produktdetails<\/strong><\/a><\/p>\n<\/div>\n<p>[\/vc_column_text][\/vc_column][vc_column width=&#8220;1\/6&#8243;][\/vc_column][vc_column width=&#8220;1\/6&#8243;][\/vc_column][vc_column width=&#8220;1\/6&#8243;][\/vc_column][vc_column width=&#8220;1\/6&#8243;][\/vc_column][vc_column width=&#8220;1\/6&#8243;][\/vc_column][\/vc_row][vc_row][vc_column][vc_separator color=&#8220;custom&#8220; accent_color=&#8220;#7a3989&#8243;][vc_column_text]<\/p>\n<h4 id=\"section_one\" style=\"color: #464e57; text-align: center;\">Personalisierte, bedruckte Mund-Nase-Schutzmasken mit elastischen Ohrenschlaufen<\/h4>\n<p>[\/vc_column_text][vc_separator color=&#8220;custom&#8220; accent_color=&#8220;#7a3989&#8243;][vc_column_text]<\/p>\n<p style=\"text-align: center;\">Die Schutzmasken werden von uns neutral eingekauft und dann von uns bedruckt. Wir haben immer eine gro\u00dfe Menge an Masken auf Lager.<\/p>\n<p>[\/vc_column_text][\/vc_column][\/vc_row][vc_row][vc_column width=&#8220;1\/2&#8243;][vc_column_text]<strong>Bedruckte Schutzmasken f\u00fcr Erwachsene<\/strong><\/p>\n<ul>\n<li>Qualit\u00e4t: Au\u00dfenstoff = 100% Polyester<br \/>\nInnenstoff = 80% Baumwolle, 20% Polyester<\/li>\n<li>Gr\u00f6\u00dfe: 19 x 12 cm<\/li>\n<li>Farbe: wei\u00df (vollfl\u00e4chig bedruckbar) &#8211; Rand wird nicht bedruckt<\/li>\n<\/ul>\n<p>Die Maske reduziert austretende Speicheltr\u00f6pfchen des Tr\u00e4gers in die Umgebung und vermeidet unbewusste Ber\u00fchrungen an Mund und Nase.<\/p>\n<ul>\n<li>Wiederverwendbar<\/li>\n<li>bis zu 60\u00b0 waschbar<\/li>\n<li>Hochwertiges Mischgewebe<\/li>\n<li>Made in China<\/li>\n<li>Vor dem ersten Tragen waschen<\/li>\n<li>Kein zertifiziertes Medizinprodukt<\/li>\n<\/ul>\n<p><strong>Diese Schutzmaske ist vollfl\u00e4chig bedruckbar. ( Rand wird von uns nicht bedruckt )<br \/>\n<\/strong><\/p>\n<ul>\n<li>Logo im Warenkorb einfach hochladen<\/li>\n<li>Wenn kein eigenes Motiv hochgeladen wird, benutzen wir das Vorschau Bild &#8222;Roude L\u00e9iw&#8220; als Motiv.<\/li>\n<\/ul>\n<p>[\/vc_column_text][vc_row_inner][vc_column_inner width=&#8220;1\/2&#8243;][vc_column_text]Versand erfolgt durch unsere Firma <strong>Made4you s.\u00e0 r.l.<\/strong>[\/vc_column_text][\/vc_column_inner][vc_column_inner width=&#8220;1\/2&#8243;][vc_single_image image=&#8220;9615&#8243; img_size=&#8220;full&#8220; onclick=&#8220;custom_link&#8220; img_link_target=&#8220;_blank&#8220; link=&#8220;https:\/\/www.made4you.lu&#8220;][\/vc_column_inner][\/vc_row_inner][vc_column_text]<strong><a href=\"https:\/\/www.made4you.lu\">Made4you s.\u00e0 r.l.<\/a> bietet auch Folgendes:<\/strong><\/p>\n<ul>\n<li><a href=\"https:\/\/made4you.lu\/index.php\/service-druckproduktion\/\">Druck<\/a> &amp; <a href=\"https:\/\/made4you.lu\/index.php\/service-grafikstudio\/\">Grafik<\/a><\/li>\n<li><a href=\"https:\/\/made4you.lu\/index.php\/service-textil\/\">Textilien &amp; Veredelung von Textilien<\/a><\/li>\n<li><a href=\"https:\/\/made4you.lu\/index.php\/service-werbetechnik\/\">Werbetechnik<\/a><\/li>\n<li><a href=\"https:\/\/made4you.lu\/index.php\/service-werbegeschenke\/\">Werbegeschenke<\/a><\/li>\n<li><a href=\"https:\/\/made4you.lu\/index.php\/service-web\/\">Webdesign &amp; Hosting<\/a><\/li>\n<li><a href=\"https:\/\/made4you.lu\/index.php\/service-gifts-with-personality\/\">Personalisierte Geschenke<\/a><\/li>\n<\/ul>\n<p>[\/vc_column_text][\/vc_column][vc_column width=&#8220;1\/2&#8243;][vc_single_image image=&#8220;9807&#8243; img_size=&#8220;full&#8220;][vc_row_inner][vc_column_inner width=&#8220;1\/2&#8243;][vc_single_image image=&#8220;9808&#8243; img_size=&#8220;full&#8220; onclick=&#8220;link_image&#8220;][\/vc_column_inner][vc_column_inner width=&#8220;1\/2&#8243;][vc_single_image image=&#8220;9809&#8243; img_size=&#8220;full&#8220; onclick=&#8220;link_image&#8220;][\/vc_column_inner][\/vc_row_inner][\/vc_column][\/vc_row]<\/p>\n","protected":false},"excerpt":{"rendered":"<p><strong>Deine gew\u00fcnschte Menge ist nicht dabei?<\/strong><\/p>\n<p>Schreib uns eine E-Mail an:<br \/>\n<strong><a href=\"mailto:kontakt@leinwand.lu\">kontakt@leinwand.lu<\/a><\/strong><\/p>\n<p>oder ruf uns an unter:<br \/>\n<a href=\"tel:00352486886\"><strong>+352 486 886<\/strong><\/a><\/p>\n<p>Gerne unterbreiten wir dir ein individuelles Angebot!<\/p>\n","protected":false},"featured_media":9807,"template":"","meta":{"_monsterinsights_skip_tracking":false,"_monsterinsights_sitenote_active":false,"_monsterinsights_sitenote_note":"","_monsterinsights_sitenote_category":0},"product_cat":[1248],"product_tag":[],"class_list":{"0":"post-9794","1":"product","2":"type-product","3":"status-publish","4":"has-post-thumbnail","6":"product_cat-schutzmasken","7":"product_shipping_class-schutzmasken","9":"first","10":"instock","11":"taxable","12":"shipping-taxable","13":"purchasable","14":"product-type-variable","15":"has-default-attributes"},"yoast_head":"<!-- This site is optimized with the Yoast SEO plugin v21.5 - https:\/\/yoast.com\/wordpress\/plugins\/seo\/ -->\n<title>Bedruckte Schutzmasken mit elastischen Ohrenschlaufen - Leinwand.lu G\u00fcnstige Fotogeschenke<\/title>\n<meta name=\"robots\" content=\"index, follow, max-snippet:-1, max-image-preview:large, max-video-preview:-1\" \/>\n<link rel=\"canonical\" href=\"https:\/\/leinwand.lu\/?product=bedruckte-schutzmasken-mit-elastischen-ohrenschlaufen\" \/>\n<meta name=\"twitter:card\" content=\"summary_large_image\" \/>\n<meta name=\"twitter:title\" content=\"Bedruckte Schutzmasken mit elastischen Ohrenschlaufen - Leinwand.lu G\u00fcnstige Fotogeschenke\" \/>\n<meta name=\"twitter:description\" content=\"Deine gew\u00fcnschte Menge ist nicht dabei?  Schreib uns eine E-Mail an: kontakt@leinwand.lu  oder ruf uns an unter: +352 486 886  Gerne unterbreiten wir dir ein individuelles Angebot!\" \/>\n<meta name=\"twitter:image\" content=\"https:\/\/leinwand.lu\/wp-content\/uploads\/2020\/06\/Maske-vollbedruckt-1-01.jpg\" \/>\n<meta name=\"twitter:label1\" content=\"Gesch\u00e4tzte Lesezeit\" \/>\n\t<meta name=\"twitter:data1\" content=\"2\u00a0Minuten\" \/>\n<script type=\"application\/ld+json\" class=\"yoast-schema-graph\">{\"@context\":\"https:\/\/schema.org\",\"@graph\":[{\"@type\":\"WebPage\",\"@id\":\"https:\/\/leinwand.lu\/?product=bedruckte-schutzmasken-mit-elastischen-ohrenschlaufen\",\"url\":\"https:\/\/leinwand.lu\/?product=bedruckte-schutzmasken-mit-elastischen-ohrenschlaufen\",\"name\":\"Bedruckte Schutzmasken mit elastischen Ohrenschlaufen - Leinwand.lu G\u00fcnstige Fotogeschenke\",\"isPartOf\":{\"@id\":\"https:\/\/leinwand.lu\/#website\"},\"datePublished\":\"2020-06-24T12:27:17+00:00\",\"dateModified\":\"2020-12-04T08:34:06+00:00\",\"breadcrumb\":{\"@id\":\"https:\/\/leinwand.lu\/?product=bedruckte-schutzmasken-mit-elastischen-ohrenschlaufen#breadcrumb\"},\"inLanguage\":\"de\",\"potentialAction\":[{\"@type\":\"ReadAction\",\"target\":[\"https:\/\/leinwand.lu\/?product=bedruckte-schutzmasken-mit-elastischen-ohrenschlaufen\"]}]},{\"@type\":\"BreadcrumbList\",\"@id\":\"https:\/\/leinwand.lu\/?product=bedruckte-schutzmasken-mit-elastischen-ohrenschlaufen#breadcrumb\",\"itemListElement\":[{\"@type\":\"ListItem\",\"position\":1,\"name\":\"Startseite\",\"item\":\"https:\/\/leinwand.lu\/\"},{\"@type\":\"ListItem\",\"position\":2,\"name\":\"Shop\",\"item\":\"https:\/\/leinwand.lu\/?page_id=16\"},{\"@type\":\"ListItem\",\"position\":3,\"name\":\"Bedruckte Schutzmasken mit elastischen Ohrenschlaufen\"}]},{\"@type\":\"WebSite\",\"@id\":\"https:\/\/leinwand.lu\/#website\",\"url\":\"https:\/\/leinwand.lu\/\",\"name\":\"Leinwand.lu G\u00fcnstige Fotogeschenke\",\"description\":\"Personalisierte Fotogeschenke, sehr g\u00fcnstig. Fotoleinw\u00e4nde, Fotokissen, Foto Aluverbundplatten, Fototassen und vieles mehr Luxemburg\",\"publisher\":{\"@id\":\"https:\/\/leinwand.lu\/#organization\"},\"potentialAction\":[{\"@type\":\"SearchAction\",\"target\":{\"@type\":\"EntryPoint\",\"urlTemplate\":\"https:\/\/leinwand.lu\/?s={search_term_string}\"},\"query-input\":\"required name=search_term_string\"}],\"inLanguage\":\"de\"},{\"@type\":\"Organization\",\"@id\":\"https:\/\/leinwand.lu\/#organization\",\"name\":\"Leinwand.lu G\u00fcnstige Fotogeschenke\",\"url\":\"https:\/\/leinwand.lu\/\",\"logo\":{\"@type\":\"ImageObject\",\"inLanguage\":\"de\",\"@id\":\"https:\/\/leinwand.lu\/#\/schema\/logo\/image\/\",\"url\":\"https:\/\/leinwand.lu\/wp-content\/uploads\/2023\/01\/cropped-cropped-logo-neu.jpg\",\"contentUrl\":\"https:\/\/leinwand.lu\/wp-content\/uploads\/2023\/01\/cropped-cropped-logo-neu.jpg\",\"width\":341,\"height\":120,\"caption\":\"Leinwand.lu G\u00fcnstige Fotogeschenke\"},\"image\":{\"@id\":\"https:\/\/leinwand.lu\/#\/schema\/logo\/image\/\"},\"sameAs\":[\"http:\/\/facebook.com\/leinwand.lu\"]}]}<\/script>\n<!-- \/ Yoast SEO plugin. -->","yoast_head_json":{"title":"Bedruckte Schutzmasken mit elastischen Ohrenschlaufen - Leinwand.lu G\u00fcnstige Fotogeschenke","robots":{"index":"index","follow":"follow","max-snippet":"max-snippet:-1","max-image-preview":"max-image-preview:large","max-video-preview":"max-video-preview:-1"},"canonical":"https:\/\/leinwand.lu\/?product=bedruckte-schutzmasken-mit-elastischen-ohrenschlaufen","twitter_card":"summary_large_image","twitter_title":"Bedruckte Schutzmasken mit elastischen Ohrenschlaufen - Leinwand.lu G\u00fcnstige Fotogeschenke","twitter_description":"Deine gew\u00fcnschte Menge ist nicht dabei?  Schreib uns eine E-Mail an: kontakt@leinwand.lu  oder ruf uns an unter: +352 486 886  Gerne unterbreiten wir dir ein individuelles Angebot!","twitter_image":"https:\/\/leinwand.lu\/wp-content\/uploads\/2020\/06\/Maske-vollbedruckt-1-01.jpg","twitter_misc":{"Gesch\u00e4tzte Lesezeit":"2\u00a0Minuten"},"schema":{"@context":"https:\/\/schema.org","@graph":[{"@type":"WebPage","@id":"https:\/\/leinwand.lu\/?product=bedruckte-schutzmasken-mit-elastischen-ohrenschlaufen","url":"https:\/\/leinwand.lu\/?product=bedruckte-schutzmasken-mit-elastischen-ohrenschlaufen","name":"Bedruckte Schutzmasken mit elastischen Ohrenschlaufen - Leinwand.lu G\u00fcnstige Fotogeschenke","isPartOf":{"@id":"https:\/\/leinwand.lu\/#website"},"datePublished":"2020-06-24T12:27:17+00:00","dateModified":"2020-12-04T08:34:06+00:00","breadcrumb":{"@id":"https:\/\/leinwand.lu\/?product=bedruckte-schutzmasken-mit-elastischen-ohrenschlaufen#breadcrumb"},"inLanguage":"de","potentialAction":[{"@type":"ReadAction","target":["https:\/\/leinwand.lu\/?product=bedruckte-schutzmasken-mit-elastischen-ohrenschlaufen"]}]},{"@type":"BreadcrumbList","@id":"https:\/\/leinwand.lu\/?product=bedruckte-schutzmasken-mit-elastischen-ohrenschlaufen#breadcrumb","itemListElement":[{"@type":"ListItem","position":1,"name":"Startseite","item":"https:\/\/leinwand.lu\/"},{"@type":"ListItem","position":2,"name":"Shop","item":"https:\/\/leinwand.lu\/?page_id=16"},{"@type":"ListItem","position":3,"name":"Bedruckte Schutzmasken mit elastischen Ohrenschlaufen"}]},{"@type":"WebSite","@id":"https:\/\/leinwand.lu\/#website","url":"https:\/\/leinwand.lu\/","name":"Leinwand.lu G\u00fcnstige Fotogeschenke","description":"Personalisierte Fotogeschenke, sehr g\u00fcnstig. Fotoleinw\u00e4nde, Fotokissen, Foto Aluverbundplatten, Fototassen und vieles mehr Luxemburg","publisher":{"@id":"https:\/\/leinwand.lu\/#organization"},"potentialAction":[{"@type":"SearchAction","target":{"@type":"EntryPoint","urlTemplate":"https:\/\/leinwand.lu\/?s={search_term_string}"},"query-input":"required name=search_term_string"}],"inLanguage":"de"},{"@type":"Organization","@id":"https:\/\/leinwand.lu\/#organization","name":"Leinwand.lu G\u00fcnstige Fotogeschenke","url":"https:\/\/leinwand.lu\/","logo":{"@type":"ImageObject","inLanguage":"de","@id":"https:\/\/leinwand.lu\/#\/schema\/logo\/image\/","url":"https:\/\/leinwand.lu\/wp-content\/uploads\/2023\/01\/cropped-cropped-logo-neu.jpg","contentUrl":"https:\/\/leinwand.lu\/wp-content\/uploads\/2023\/01\/cropped-cropped-logo-neu.jpg","width":341,"height":120,"caption":"Leinwand.lu G\u00fcnstige Fotogeschenke"},"image":{"@id":"https:\/\/leinwand.lu\/#\/schema\/logo\/image\/"},"sameAs":["http:\/\/facebook.com\/leinwand.lu"]}]}},"_links":{"self":[{"href":"https:\/\/leinwand.lu\/index.php?rest_route=\/wp\/v2\/product\/9794"}],"collection":[{"href":"https:\/\/leinwand.lu\/index.php?rest_route=\/wp\/v2\/product"}],"about":[{"href":"https:\/\/leinwand.lu\/index.php?rest_route=\/wp\/v2\/types\/product"}],"wp:featuredmedia":[{"embeddable":true,"href":"https:\/\/leinwand.lu\/index.php?rest_route=\/wp\/v2\/media\/9807"}],"wp:attachment":[{"href":"https:\/\/leinwand.lu\/index.php?rest_route=%2Fwp%2Fv2%2Fmedia&parent=9794"}],"wp:term":[{"taxonomy":"product_cat","embeddable":true,"href":"https:\/\/leinwand.lu\/index.php?rest_route=%2Fwp%2Fv2%2Fproduct_cat&post=9794"},{"taxonomy":"product_tag","embeddable":true,"href":"https:\/\/leinwand.lu\/index.php?rest_route=%2Fwp%2Fv2%2Fproduct_tag&post=9794"}],"curies":[{"name":"wp","href":"https:\/\/api.w.org\/{rel}","templated":true}]}}